{"id":1441,"date":"2023-04-28T16:21:51","date_gmt":"2023-04-28T20:21:51","guid":{"rendered":"https:\/\/gfd.mysites.io\/accessibilite\/"},"modified":"2023-05-19T13:40:06","modified_gmt":"2023-05-19T13:40:06","slug":"accessibilite","status":"publish","type":"page","link":"https:\/\/gfd.org\/fr\/accessibilite\/","title":{"rendered":"Accessibilit\u00e9"},"content":{"rendered":"<p><div class=\"fusion-fullwidth fullwidth-box fusion-builder-row-1 fusion-flex-container has-pattern-background has-mask-background nonhundred-percent-fullwidth non-hundred-percent-height-scrolling\" style=\"--awb-border-radius-top-left:0px;--awb-border-radius-top-right:0px;--awb-border-radius-bottom-right:0px;--awb-border-radius-bottom-left:0px;--awb-flex-wrap:wrap;\" ><div class=\"fusion-builder-row fusion-row fusion-flex-align-items-flex-start fusion-flex-content-wrap\" style=\"max-width:1456px;margin-left: calc(-4% \/ 2 );margin-right: calc(-4% \/ 2 );\"><div class=\"fusion-layout-column fusion_builder_column fusion-builder-column-0 fusion_builder_column_1_1 1_1 fusion-flex-column\" style=\"--awb-bg-size:cover;--awb-width-large:100%;--awb-margin-top-large:0px;--awb-spacing-right-large:1.92%;--awb-margin-bottom-large:20px;--awb-spacing-left-large:1.92%;--awb-width-medium:100%;--awb-order-medium:0;--awb-spacing-right-medium:1.92%;--awb-spacing-left-medium:1.92%;--awb-width-small:100%;--awb-order-small:0;--awb-spacing-right-small:1.92%;--awb-spacing-left-small:1.92%;\"><div class=\"fusion-column-wrapper fusion-column-has-shadow fusion-flex-justify-content-flex-start fusion-content-layout-column\"><div class=\"fusion-title title fusion-title-1 fusion-sep-none fusion-title-text fusion-title-size-two\" style=\"--awb-margin-top-small:10px;--awb-margin-right-small:0px;--awb-margin-bottom-small:10px;--awb-margin-left-small:0px;--awb-font-size:var(--awb-typography3-font-size);\"><h2 class=\"fusion-title-heading title-heading-left fusion-responsive-typography-calculated\" style=\"font-family:var(--awb-typography3-font-family);font-weight:var(--awb-typography3-font-weight);font-style:var(--awb-typography3-font-style);margin:0;letter-spacing:var(--awb-typography3-letter-spacing);text-transform:var(--awb-typography3-text-transform);font-size:1em;--fontSize:40;line-height:1;\">Accessibilit\u00e9<\/h2><\/div><div class=\"fusion-text fusion-text-1\"><p>Le site Web de GFD a \u00e9t\u00e9 con\u00e7u de mani\u00e8re \u00e0 \u00eatre facile \u00e0 utiliser pour la majorit\u00e9 des utilisateurs d\u2019ordinateurs. Si vous avez des besoins particuliers, il existe un certain nombre de param\u00e8tres d\u2019accessibilit\u00e9 que vous pouvez modifier sur votre ordinateur ou dans votre navigateur afin de rendre votre utilisation du site de GFD plus facile et plus accessible.<\/p>\n<p>Veuillez cliquer sur les liens correspondant au syst\u00e8me d\u2019exploitation et au navigateur Internet que vous utilisez afin d\u2019acc\u00e9der \u00e0 des conseils utiles qui vous aideront \u00e0 optimiser le confort de votre exp\u00e9rience en ligne.<\/p>\n<\/div><\/div><\/div><\/div><\/div><div class=\"fusion-fullwidth fullwidth-box fusion-builder-row-2 fusion-flex-container has-pattern-background has-mask-background nonhundred-percent-fullwidth non-hundred-percent-height-scrolling\" style=\"--link_color: var(--awb-color2);--awb-border-radius-top-left:0px;--awb-border-radius-top-right:0px;--awb-border-radius-bottom-right:0px;--awb-border-radius-bottom-left:0px;--awb-padding-bottom:80px;--awb-flex-wrap:wrap;\" ><div class=\"fusion-builder-row fusion-row fusion-flex-align-items-flex-start fusion-flex-content-wrap\" style=\"max-width:1456px;margin-left: calc(-4% \/ 2 );margin-right: calc(-4% \/ 2 );\"><div class=\"fusion-layout-column fusion_builder_column fusion-builder-column-1 fusion_builder_column_1_1 1_1 fusion-flex-column\" style=\"--awb-bg-size:cover;--awb-width-large:100%;--awb-margin-top-large:0px;--awb-spacing-right-large:1.92%;--awb-margin-bottom-large:20px;--awb-spacing-left-large:1.92%;--awb-width-medium:100%;--awb-order-medium:0;--awb-spacing-right-medium:1.92%;--awb-spacing-left-medium:1.92%;--awb-width-small:100%;--awb-order-small:0;--awb-spacing-right-small:1.92%;--awb-spacing-left-small:1.92%;\"><div class=\"fusion-column-wrapper fusion-column-has-shadow fusion-flex-justify-content-flex-start fusion-content-layout-column\"><div class=\"fusion-title title fusion-title-2 fusion-sep-none fusion-title-text fusion-title-size-four\" style=\"--awb-margin-top-small:10px;--awb-margin-right-small:0px;--awb-margin-bottom-small:10px;--awb-margin-left-small:0px;--awb-font-size:var(--awb-custom_typography_2-font-size);\"><h4 class=\"fusion-title-heading title-heading-left fusion-responsive-typography-calculated\" style=\"font-family:var(--awb-custom_typography_2-font-family);font-weight:var(--awb-custom_typography_2-font-weight);font-style:var(--awb-custom_typography_2-font-style);margin:0;letter-spacing:var(--awb-custom_typography_2-letter-spacing);text-transform:var(--awb-custom_typography_2-text-transform);font-size:1em;--fontSize:23;--minFontSize:23;line-height:1.22;\">Syst\u00e8mes d\u2019exploitation<\/h4><\/div><div class=\"fusion-text fusion-text-2\"><p>Pour modifier les couleurs du syst\u00e8me, la taille du texte ou les pointeurs de la souris ou pour activer la synth\u00e8se texte-parole, cliquez sur le lien correspondant \u00e0 votre syst\u00e8me d\u2019exploitation :<\/p>\n<ul>\n<li><a href=\"https:\/\/support.microsoft.com\/fr-fr\/accessibility\" target=\"_blank\" rel=\"noopener\">Windows (ordinateur de bureau)<\/a><\/li>\n<li><a href=\"https:\/\/www.apple.com\/ca\/fr\/accessibility\/\" target=\"_blank\" rel=\"noopener\">Mac (ordinateur de bureau)<\/a><\/li>\n<li><a href=\"https:\/\/www.apple.com\/ca\/fr\/accessibility\/\" target=\"_blank\" rel=\"noopener\">IOS (appareil mobile)<\/a><\/li>\n<li><a href=\"https:\/\/www.android.com\/intl\/fr_fr\/accessibility\/\" target=\"_blank\" rel=\"noopener\">Android (appareil mobile)<\/a><\/li>\n<\/ul>\n<\/div><div class=\"fusion-title title fusion-title-3 fusion-sep-none fusion-title-text fusion-title-size-four\" style=\"--awb-margin-top-small:10px;--awb-margin-right-small:0px;--awb-margin-bottom-small:10px;--awb-margin-left-small:0px;--awb-font-size:var(--awb-custom_typography_2-font-size);\"><h4 class=\"fusion-title-heading title-heading-left fusion-responsive-typography-calculated\" style=\"font-family:var(--awb-custom_typography_2-font-family);font-weight:var(--awb-custom_typography_2-font-weight);font-style:var(--awb-custom_typography_2-font-style);margin:0;letter-spacing:var(--awb-custom_typography_2-letter-spacing);text-transform:var(--awb-custom_typography_2-text-transform);font-size:1em;--fontSize:23;--minFontSize:23;line-height:1.22;\">Navigateurs<\/h4><\/div><div class=\"fusion-text fusion-text-3\"><p>Pour d\u00e9couvrir comment utiliser les fonctions d\u2019agrandissement ou activer le texte \u00e0 fort contraste, cliquez sur le lien correspondant \u00e0 votre navigateur :<\/p>\n<ul>\n<li><a href=\"https:\/\/support.google.com\/chrome\/topic\/7437725?hl=fr&amp;ref_topic=7439724&amp;sjid=15279423709762309332-NA\" target=\"_blank\" rel=\"noopener\">Chrome<\/a><\/li>\n<li><a href=\"https:\/\/support.mozilla.org\/fr\/kb\/fonctionnalites-accessibilite-adapter-firefox-tous-utilisateurs\" target=\"_blank\" rel=\"noopener\">Firefox<\/a><\/li>\n<li><a href=\"https:\/\/support.apple.com\/en-ca\/HT209655\">Safari<\/a><\/li>\n<li><a href=\"https:\/\/support.microsoft.com\/fr-fr\/microsoft-edge\/fonctionnalit%C3%A9s-d-accessibilit%C3%A9-de-microsoft-edge-4c696192-338e-9465-b2cd-bd9b698ad19a\" target=\"_blank\" rel=\"noopener\">Microsoft Edge<\/a><\/li>\n<li><a href=\"https:\/\/dev.opera.com\/blog\/opera-accessibility-where-we-re-at\/\" target=\"_blank\" rel=\"noopener\">Opera<\/a><\/li>\n<\/ul>\n<\/div><\/div><\/div><\/div><\/div><\/p>\n","protected":false},"excerpt":{"rendered":"","protected":false},"author":7,"featured_media":0,"parent":0,"menu_order":70,"comment_status":"closed","ping_status":"closed","template":"100-width.php","meta":{"_acf_changed":false,"footnotes":""},"class_list":["post-1441","page","type-page","status-publish","hentry"],"acf":[],"yoast_head":"<!-- This site is optimized with the Yoast SEO plugin v27.5 - https:\/\/yoast.com\/product\/yoast-seo-wordpress\/ -->\n<title>Accessibilit\u00e9 - GFD - (Guaranteed Funeral Deposits)<\/title>\n<meta name=\"robots\" content=\"index, follow, max-snippet:-1, max-image-preview:large, max-video-preview:-1\" \/>\n<link rel=\"canonical\" href=\"https:\/\/gfd.org\/fr\/accessibilite\/\" \/>\n<meta property=\"og:locale\" content=\"fr_FR\" \/>\n<meta property=\"og:type\" content=\"article\" \/>\n<meta property=\"og:title\" content=\"Accessibilit\u00e9 - GFD - (Guaranteed Funeral Deposits)\" \/>\n<meta property=\"og:url\" content=\"https:\/\/gfd.org\/fr\/accessibilite\/\" \/>\n<meta property=\"og:site_name\" content=\"GFD - (Guaranteed Funeral Deposits)\" \/>\n<meta property=\"article:modified_time\" content=\"2023-05-19T13:40:06+00:00\" \/>\n<meta name=\"twitter:card\" content=\"summary_large_image\" \/>\n<meta name=\"twitter:label1\" content=\"Dur\u00e9e de lecture estim\u00e9e\" \/>\n\t<meta name=\"twitter:data1\" content=\"14 minutes\" \/>\n<script type=\"application\/ld+json\" class=\"yoast-schema-graph\">{\"@context\":\"https:\\\/\\\/schema.org\",\"@graph\":[{\"@type\":\"WebPage\",\"@id\":\"https:\\\/\\\/gfd.org\\\/fr\\\/accessibilite\\\/\",\"url\":\"https:\\\/\\\/gfd.org\\\/fr\\\/accessibilite\\\/\",\"name\":\"Accessibilit\u00e9 - GFD - (Guaranteed Funeral Deposits)\",\"isPartOf\":{\"@id\":\"https:\\\/\\\/gfd.org\\\/fr\\\/#website\"},\"datePublished\":\"2023-04-28T20:21:51+00:00\",\"dateModified\":\"2023-05-19T13:40:06+00:00\",\"breadcrumb\":{\"@id\":\"https:\\\/\\\/gfd.org\\\/fr\\\/accessibilite\\\/#breadcrumb\"},\"inLanguage\":\"fr-FR\",\"potentialAction\":[{\"@type\":\"ReadAction\",\"target\":[\"https:\\\/\\\/gfd.org\\\/fr\\\/accessibilite\\\/\"]}]},{\"@type\":\"BreadcrumbList\",\"@id\":\"https:\\\/\\\/gfd.org\\\/fr\\\/accessibilite\\\/#breadcrumb\",\"itemListElement\":[{\"@type\":\"ListItem\",\"position\":1,\"name\":\"Home\",\"item\":\"http:\\\/\\\/gfd.org\\\/fr\\\/\"},{\"@type\":\"ListItem\",\"position\":2,\"name\":\"Accessibilit\u00e9\"}]},{\"@type\":\"WebSite\",\"@id\":\"https:\\\/\\\/gfd.org\\\/fr\\\/#website\",\"url\":\"https:\\\/\\\/gfd.org\\\/fr\\\/\",\"name\":\"GFD - (Guaranteed Funeral Deposits)\",\"description\":\"\",\"potentialAction\":[{\"@type\":\"SearchAction\",\"target\":{\"@type\":\"EntryPoint\",\"urlTemplate\":\"https:\\\/\\\/gfd.org\\\/fr\\\/?s={search_term_string}\"},\"query-input\":{\"@type\":\"PropertyValueSpecification\",\"valueRequired\":true,\"valueName\":\"search_term_string\"}}],\"inLanguage\":\"fr-FR\"}]}<\/script>\n<!-- \/ Yoast SEO plugin. -->","yoast_head_json":{"title":"Accessibilit\u00e9 - GFD - (Guaranteed Funeral Deposits)","robots":{"index":"index","follow":"follow","max-snippet":"max-snippet:-1","max-image-preview":"max-image-preview:large","max-video-preview":"max-video-preview:-1"},"canonical":"https:\/\/gfd.org\/fr\/accessibilite\/","og_locale":"fr_FR","og_type":"article","og_title":"Accessibilit\u00e9 - GFD - (Guaranteed Funeral Deposits)","og_url":"https:\/\/gfd.org\/fr\/accessibilite\/","og_site_name":"GFD - (Guaranteed Funeral Deposits)","article_modified_time":"2023-05-19T13:40:06+00:00","twitter_card":"summary_large_image","twitter_misc":{"Dur\u00e9e de lecture estim\u00e9e":"14 minutes"},"schema":{"@context":"https:\/\/schema.org","@graph":[{"@type":"WebPage","@id":"https:\/\/gfd.org\/fr\/accessibilite\/","url":"https:\/\/gfd.org\/fr\/accessibilite\/","name":"Accessibilit\u00e9 - GFD - (Guaranteed Funeral Deposits)","isPartOf":{"@id":"https:\/\/gfd.org\/fr\/#website"},"datePublished":"2023-04-28T20:21:51+00:00","dateModified":"2023-05-19T13:40:06+00:00","breadcrumb":{"@id":"https:\/\/gfd.org\/fr\/accessibilite\/#breadcrumb"},"inLanguage":"fr-FR","potentialAction":[{"@type":"ReadAction","target":["https:\/\/gfd.org\/fr\/accessibilite\/"]}]},{"@type":"BreadcrumbList","@id":"https:\/\/gfd.org\/fr\/accessibilite\/#breadcrumb","itemListElement":[{"@type":"ListItem","position":1,"name":"Home","item":"http:\/\/gfd.org\/fr\/"},{"@type":"ListItem","position":2,"name":"Accessibilit\u00e9"}]},{"@type":"WebSite","@id":"https:\/\/gfd.org\/fr\/#website","url":"https:\/\/gfd.org\/fr\/","name":"GFD - (Guaranteed Funeral Deposits)","description":"","potentialAction":[{"@type":"SearchAction","target":{"@type":"EntryPoint","urlTemplate":"https:\/\/gfd.org\/fr\/?s={search_term_string}"},"query-input":{"@type":"PropertyValueSpecification","valueRequired":true,"valueName":"search_term_string"}}],"inLanguage":"fr-FR"}]}},"_links":{"self":[{"href":"https:\/\/gfd.org\/fr\/wp-json\/wp\/v2\/pages\/1441","targetHints":{"allow":["GET"]}}],"collection":[{"href":"https:\/\/gfd.org\/fr\/wp-json\/wp\/v2\/pages"}],"about":[{"href":"https:\/\/gfd.org\/fr\/wp-json\/wp\/v2\/types\/page"}],"author":[{"embeddable":true,"href":"https:\/\/gfd.org\/fr\/wp-json\/wp\/v2\/users\/7"}],"replies":[{"embeddable":true,"href":"https:\/\/gfd.org\/fr\/wp-json\/wp\/v2\/comments?post=1441"}],"version-history":[{"count":0,"href":"https:\/\/gfd.org\/fr\/wp-json\/wp\/v2\/pages\/1441\/revisions"}],"wp:attachment":[{"href":"https:\/\/gfd.org\/fr\/wp-json\/wp\/v2\/media?parent=1441"}],"curies":[{"name":"wp","href":"https:\/\/api.w.org\/{rel}","templated":true}]}}