{"id":2102,"date":"2023-07-24T15:03:43","date_gmt":"2023-07-24T19:03:43","guid":{"rendered":"https:\/\/guaranteed-funeral-deposits-of-canada.local\/brand-guidelines\/"},"modified":"2023-09-11T13:36:30","modified_gmt":"2023-09-11T17:36:30","slug":"brand-guidelines","status":"publish","type":"page","link":"https:\/\/gfd.org\/fr\/brand-guidelines\/","title":{"rendered":"Guide des Normes Graphiques"},"content":{"rendered":"<div class=\"fusion-fullwidth fullwidth-box fusion-builder-row-1 fusion-flex-container has-pattern-background has-mask-background nonhundred-percent-fullwidth non-hundred-percent-height-scrolling\" style=\"--awb-border-radius-top-left:0px;--awb-border-radius-top-right:0px;--awb-border-radius-bottom-right:0px;--awb-border-radius-bottom-left:0px;--awb-padding-top:40px;--awb-padding-bottom:40px;--awb-flex-wrap:wrap;\" ><div class=\"fusion-builder-row fusion-row fusion-flex-align-items-flex-start fusion-flex-content-wrap\" style=\"max-width:1456px;margin-left: calc(-4% \/ 2 );margin-right: calc(-4% \/ 2 );\"><div class=\"fusion-layout-column fusion_builder_column fusion-builder-column-0 fusion_builder_column_1_5 1_5 fusion-flex-column\" style=\"--awb-bg-size:cover;--awb-width-large:20%;--awb-margin-top-large:0px;--awb-spacing-right-large:9.6%;--awb-margin-bottom-large:20px;--awb-spacing-left-large:9.6%;--awb-width-medium:20%;--awb-order-medium:0;--awb-spacing-right-medium:9.6%;--awb-spacing-left-medium:9.6%;--awb-width-small:100%;--awb-order-small:0;--awb-spacing-right-small:1.92%;--awb-spacing-left-small:1.92%;\"><div class=\"fusion-column-wrapper fusion-column-has-shadow fusion-flex-justify-content-flex-start fusion-content-layout-column\"><div class=\"fusion-title title fusion-title-1 fusion-sep-none fusion-title-text fusion-title-size-two\" style=\"--awb-margin-top-small:10px;--awb-margin-right-small:0px;--awb-margin-bottom-small:10px;--awb-margin-left-small:0px;--awb-font-size:var(--awb-typography1-font-size);\"><h2 class=\"fusion-title-heading title-heading-left fusion-responsive-typography-calculated\" style=\"font-family:var(--awb-typography1-font-family);font-weight:var(--awb-typography1-font-weight);font-style:var(--awb-typography1-font-style);margin:0;letter-spacing:var(--awb-typography1-letter-spacing);text-transform:var(--awb-typography1-text-transform);font-size:1em;--fontSize:50;line-height:1.1;\">GFD a \u00e9t\u00e9 con\u00e7u et \u00e9labor\u00e9 pour le secteur, par le secteur.<\/h2><\/div><\/div><\/div><div class=\"fusion-layout-column fusion_builder_column fusion-builder-column-1 fusion_builder_column_3_5 3_5 fusion-flex-column\" style=\"--awb-bg-size:cover;--awb-width-large:60%;--awb-margin-top-large:0px;--awb-spacing-right-large:3.2%;--awb-margin-bottom-large:20px;--awb-spacing-left-large:3.2%;--awb-width-medium:60%;--awb-order-medium:0;--awb-spacing-right-medium:3.2%;--awb-spacing-left-medium:3.2%;--awb-width-small:100%;--awb-order-small:0;--awb-spacing-right-small:1.92%;--awb-spacing-left-small:1.92%;\"><div class=\"fusion-column-wrapper fusion-column-has-shadow fusion-flex-justify-content-flex-start fusion-content-layout-column\"><div class=\"fusion-text fusion-text-1\"><p>L\u2019histoire de notre marque est l\u2019aboutissement de d\u00e9cennies d&rsquo;implication dans le secteur du deuil et son \u00e9volution. GFD est fier d&rsquo;avoir dirig\u00e9 une grande partie de cette \u00e9volution en faveur de la sant\u00e9 de ses membres et du secteur dans son ensemble.<\/p>\n<p>Notre logo est notre atout de marque le plus identifiable. Il s\u2019agit d\u2019un symbole des r\u00e9f\u00e9rences historiques de GFD et de son \u00e9tat d&rsquo;esprit progressiste envers l&rsquo;avenir. Il est confiant, intemporel et refl\u00e8te directement les valeurs de GFD.<\/p>\n<p>Si vous devez utiliser notre logo \u00e0 des fins d&rsquo;activit\u00e9 de membre, nous vous demandons d&rsquo;en informer votre responsable du d\u00e9veloppement commercial ou de contacter l&rsquo;\u00e9quipe de marketing de GFD pour une approbation formelle.<\/p>\n<p>De plus, l&rsquo;utilisation du logo de notre marque oblige votre organisation \u00e0 suivre les directives d\u00e9crites ci-dessous.<\/p>\n<p>Si vous avez besoin d\u2019aide suppl\u00e9mentaire, veuillez contacter notre<a href=\"https:\/\/gfd.org\/fr\/nous-joindre\/\"> <span style=\"color: var(--awb-color5);\">\u00e9quipe de marketing.<\/span><\/a><\/p>\n<\/div><div class=\"fusion-title title fusion-title-2 fusion-sep-none fusion-title-text fusion-title-size-three\" style=\"--awb-margin-top:25px;--awb-margin-top-small:25px;--awb-margin-right-small:0px;--awb-margin-bottom-small:10px;--awb-margin-left-small:0px;--awb-font-size:var(--awb-custom_typography_2-font-size);\"><h3 class=\"fusion-title-heading title-heading-left fusion-responsive-typography-calculated\" style=\"font-family:var(--awb-custom_typography_2-font-family);font-weight:var(--awb-custom_typography_2-font-weight);font-style:var(--awb-custom_typography_2-font-style);margin:0;letter-spacing:var(--awb-custom_typography_2-letter-spacing);text-transform:var(--awb-custom_typography_2-text-transform);font-size:1em;--fontSize:23;--minFontSize:23;line-height:1.22;\">GFD Brand Guidelines<\/h3><\/div><div class=\"fusion-builder-row fusion-builder-row-inner fusion-row fusion-flex-align-items-flex-start fusion-flex-content-wrap\" style=\"--awb-flex-grow:0;--awb-flex-grow-medium:0;--awb-flex-grow-small:0;--awb-flex-shrink:0;--awb-flex-shrink-medium:0;--awb-flex-shrink-small:0;width:104% !important;max-width:104% !important;margin-left: calc(-4% \/ 2 );margin-right: calc(-4% \/ 2 );\"><div class=\"fusion-layout-column fusion_builder_column_inner fusion-builder-nested-column-0 fusion_builder_column_inner_2_5 2_5 fusion-flex-column fusion-flex-align-self-stretch fusion-column-inner-bg-wrapper\" style=\"--awb-padding-top:8px;--awb-padding-right:0px;--awb-padding-bottom:8px;--awb-padding-left:12px;--awb-overflow:hidden;--awb-inner-bg-color:var(--awb-color5);--awb-inner-bg-color-hover:var(--awb-color5);--awb-inner-bg-size:cover;--awb-border-radius:36px 0px 0px 36px;--awb-inner-bg-border-radius:36px 0px 0px 36px;--awb-inner-bg-overflow:hidden;--awb-width-large:40%;--awb-margin-top-large:0px;--awb-spacing-right-large:-14px;--awb-margin-bottom-large:0px;--awb-spacing-left-large:8px;--awb-width-medium:40%;--awb-order-medium:0;--awb-spacing-right-medium:-14px;--awb-spacing-left-medium:8px;--awb-width-small:83.3333333333%;--awb-order-small:0;--awb-spacing-right-small:-14px;--awb-spacing-left-small:8px;\" data-scroll-devices=\"small-visibility,medium-visibility,large-visibility\"><span class=\"fusion-column-inner-bg hover-type-none\"><a class=\"fusion-column-anchor\" href=\"https:\/\/gfd.org\/wp-content\/uploads\/2023\/09\/French-Brand-Guidelines-2023-09-07.pdf\"><span class=\"fusion-column-inner-bg-image\"><\/span><\/a><\/span><div class=\"fusion-column-wrapper fusion-column-has-shadow fusion-flex-justify-content-center fusion-content-layout-column\"><div class=\"fusion-text fusion-text-2 fusion-text-no-margin\" style=\"--awb-content-alignment:center;--awb-font-size:var(--awb-typography4-font-size);--awb-line-height:var(--awb-typography4-line-height);--awb-letter-spacing:var(--awb-typography4-letter-spacing);--awb-text-transform:var(--awb-typography4-text-transform);--awb-text-color:var(--awb-color1);--awb-margin-right:-0px;--awb-margin-bottom:0px;--awb-text-font-family:var(--awb-typography4-font-family);--awb-text-font-weight:var(--awb-typography4-font-weight);--awb-text-font-style:var(--awb-typography4-font-style);\"><p>T\u00e9l\u00e9charger les directives de la marque<\/p>\n<\/div><\/div><\/div><div class=\"fusion-layout-column fusion_builder_column_inner fusion-builder-nested-column-1 fusion_builder_column_inner_1_6 1_6 fusion-flex-column fusion-flex-align-self-stretch fusion-column-inner-bg-wrapper\" style=\"--awb-padding-top:8px;--awb-padding-right:18px;--awb-padding-bottom:8px;--awb-padding-left:8px;--awb-overflow:hidden;--awb-inner-bg-color:var(--awb-color5);--awb-inner-bg-color-hover:var(--awb-color5);--awb-inner-bg-size:cover;--awb-border-radius:0px 36px 36px 0px;--awb-inner-bg-border-radius:0px 36px 36px 0px;--awb-inner-bg-overflow:hidden;--awb-width-large:16.6666666667%;--awb-margin-top-large:0px;--awb-spacing-right-large:11.52%;--awb-margin-bottom-large:0px;--awb-spacing-left-large:0px;--awb-width-medium:16.6666666667%;--awb-order-medium:0;--awb-spacing-right-medium:11.52%;--awb-spacing-left-medium:0px;--awb-width-small:16.6666666667%;--awb-order-small:0;--awb-spacing-right-small:11.52%;--awb-spacing-left-small:0px;\" data-scroll-devices=\"small-visibility,medium-visibility,large-visibility\"><span class=\"fusion-column-inner-bg hover-type-none\"><a class=\"fusion-column-anchor\" href=\"https:\/\/gfd.org\/wp-content\/uploads\/2023\/07\/5585_GFD_BrandGuide_LH_1.2.pdf\"><span class=\"fusion-column-inner-bg-image\"><\/span><\/a><\/span><div class=\"fusion-column-wrapper fusion-column-has-shadow fusion-flex-justify-content-flex-start fusion-content-layout-column\"><i class=\"fb-icon-element-1 fb-icon-element fontawesome-icon fa-angle-right fas circle-yes fusion-animated\" style=\"--awb-iconcolor:var(--awb-color5);--awb-iconcolor-hover:var(--awb-color5);--awb-circlecolor:var(--awb-color1);--awb-circlecolor-hover:var(--awb-color1);--awb-circlebordercolor-hover:var(--awb-color8);--awb-circlebordersize:0px;--awb-font-size:21.12px;--awb-width:42.24px;--awb-height:42.24px;--awb-line-height:42.24px;--awb-margin-top:0;--awb-margin-right:0;--awb-margin-bottom:0;--awb-margin-left:12px;--awb-align-self:flex-end;\" data-animationType=\"fadeInLeft\" data-animationDuration=\"1.7\" data-animationDelay=\"0.4\" data-animationOffset=\"top-into-view\"><\/i><\/div><\/div><\/div><div class=\"fusion-title title fusion-title-3 fusion-sep-none fusion-title-text fusion-title-size-three\" style=\"--awb-margin-top:45px;--awb-margin-top-small:10px;--awb-margin-right-small:0px;--awb-margin-bottom-small:10px;--awb-margin-left-small:0px;--awb-font-size:var(--awb-custom_typography_2-font-size);\"><h3 class=\"fusion-title-heading title-heading-left fusion-responsive-typography-calculated\" style=\"font-family:var(--awb-custom_typography_2-font-family);font-weight:var(--awb-custom_typography_2-font-weight);font-style:var(--awb-custom_typography_2-font-style);margin:0;letter-spacing:var(--awb-custom_typography_2-letter-spacing);text-transform:var(--awb-custom_typography_2-text-transform);font-size:1em;--fontSize:23;--minFontSize:23;line-height:1.22;\">GFD Logos<\/h3><\/div><div class=\"fusion-builder-row fusion-builder-row-inner fusion-row fusion-flex-align-items-flex-start fusion-flex-content-wrap\" style=\"--awb-flex-grow:0;--awb-flex-grow-medium:0;--awb-flex-grow-small:0;--awb-flex-shrink:0;--awb-flex-shrink-medium:0;--awb-flex-shrink-small:0;width:104% !important;max-width:104% !important;margin-left: calc(-4% \/ 2 );margin-right: calc(-4% \/ 2 );\"><div class=\"fusion-layout-column fusion_builder_column_inner fusion-builder-nested-column-2 fusion_builder_column_inner_1_2 1_2 fusion-flex-column\" style=\"--awb-bg-size:cover;--awb-width-large:50%;--awb-margin-top-large:0px;--awb-spacing-right-large:3.84%;--awb-margin-bottom-large:20px;--awb-spacing-left-large:3.84%;--awb-width-medium:50%;--awb-order-medium:0;--awb-spacing-right-medium:3.84%;--awb-spacing-left-medium:3.84%;--awb-width-small:100%;--awb-order-small:0;--awb-spacing-right-small:1.92%;--awb-spacing-left-small:1.92%;\"><div class=\"fusion-column-wrapper fusion-column-has-shadow fusion-flex-justify-content-flex-start fusion-content-layout-column\"><div class=\"fusion-text fusion-text-3\"><p>MARQUE PRIMAIRE<\/p>\n<\/div><div class=\"fusion-image-element \" style=\"--awb-max-width:150px;--awb-caption-title-font-family:var(--h2_typography-font-family);--awb-caption-title-font-weight:var(--h2_typography-font-weight);--awb-caption-title-font-style:var(--h2_typography-font-style);--awb-caption-title-size:var(--h2_typography-font-size);--awb-caption-title-transform:var(--h2_typography-text-transform);--awb-caption-title-line-height:var(--h2_typography-line-height);--awb-caption-title-letter-spacing:var(--h2_typography-letter-spacing);\"><span class=\" fusion-imageframe imageframe-none imageframe-1 hover-type-none\"><img decoding=\"async\" width=\"300\" height=\"300\" title=\"Print\" src=\"https:\/\/gfd.org\/wp-content\/uploads\/2023\/07\/GFD-Logo-Square-Colour-2-300x300.jpg\" alt class=\"img-responsive wp-image-2029\" srcset=\"https:\/\/gfd.org\/wp-content\/uploads\/2023\/07\/GFD-Logo-Square-Colour-2-200x200.jpg 200w, https:\/\/gfd.org\/wp-content\/uploads\/2023\/07\/GFD-Logo-Square-Colour-2-400x400.jpg 400w, https:\/\/gfd.org\/wp-content\/uploads\/2023\/07\/GFD-Logo-Square-Colour-2-600x600.jpg 600w, https:\/\/gfd.org\/wp-content\/uploads\/2023\/07\/GFD-Logo-Square-Colour-2-800x799.jpg 800w, https:\/\/gfd.org\/wp-content\/uploads\/2023\/07\/GFD-Logo-Square-Colour-2-1200x1199.jpg 1200w\" sizes=\"(max-width: 768px) 100vw, 800px\" \/><\/span><\/div><div ><a class=\"fusion-button button-flat fusion-button-default-size button-default fusion-button-default button-1 fusion-button-default-span fusion-button-default-type\" style=\"--awb-margin-top:20px;--awb-margin-bottom:20px;--button-border-radius-top-left:0;--button-border-radius-top-right:0;--button-border-radius-bottom-right:0;--button-border-radius-bottom-left:0;\" target=\"_self\" href=\"https:\/\/gfd.org\/wp-content\/uploads\/2023\/08\/Secondary-Mark-Web.zip\"><span class=\"fusion-button-text awb-button__text awb-button__text--default\">T\u00e9l\u00e9charger pour le Web<\/span><\/a><\/div><div ><a class=\"fusion-button button-flat fusion-button-default-size button-default fusion-button-default button-2 fusion-button-default-span fusion-button-default-type\" style=\"--button-border-radius-top-left:0;--button-border-radius-top-right:0;--button-border-radius-bottom-right:0;--button-border-radius-bottom-left:0;\" target=\"_self\" href=\"https:\/\/gfd.org\/wp-content\/uploads\/2023\/08\/Print.zip\"><span class=\"fusion-button-text awb-button__text awb-button__text--default\">T\u00e9l\u00e9charger pour imprimer<\/span><\/a><\/div><\/div><\/div><div class=\"fusion-layout-column fusion_builder_column_inner fusion-builder-nested-column-3 fusion_builder_column_inner_1_2 1_2 fusion-flex-column\" style=\"--awb-bg-size:cover;--awb-width-large:50%;--awb-margin-top-large:0px;--awb-spacing-right-large:3.84%;--awb-margin-bottom-large:20px;--awb-spacing-left-large:3.84%;--awb-width-medium:50%;--awb-order-medium:0;--awb-spacing-right-medium:3.84%;--awb-spacing-left-medium:3.84%;--awb-width-small:100%;--awb-order-small:0;--awb-spacing-right-small:1.92%;--awb-spacing-left-small:1.92%;\" data-scroll-devices=\"small-visibility,medium-visibility,large-visibility\"><div class=\"fusion-column-wrapper fusion-column-has-shadow fusion-flex-justify-content-flex-start fusion-content-layout-column\"><div class=\"fusion-text fusion-text-4\"><p>MARQUE SECONDAIRE<\/p>\n<\/div><div class=\"fusion-image-element \" style=\"--awb-max-width:150px;--awb-caption-title-font-family:var(--h2_typography-font-family);--awb-caption-title-font-weight:var(--h2_typography-font-weight);--awb-caption-title-font-style:var(--h2_typography-font-style);--awb-caption-title-size:var(--h2_typography-font-size);--awb-caption-title-transform:var(--h2_typography-text-transform);--awb-caption-title-line-height:var(--h2_typography-line-height);--awb-caption-title-letter-spacing:var(--h2_typography-letter-spacing);\"><span class=\" fusion-imageframe imageframe-none imageframe-2 hover-type-none\"><img decoding=\"async\" width=\"300\" height=\"300\" title=\"GFD Logo Square RGB\" src=\"https:\/\/gfd.org\/wp-content\/uploads\/2023\/07\/GFD-Logo-Square-RGB-300x300.png\" alt class=\"img-responsive wp-image-2078\" srcset=\"https:\/\/gfd.org\/wp-content\/uploads\/2023\/07\/GFD-Logo-Square-RGB-200x200.png 200w, https:\/\/gfd.org\/wp-content\/uploads\/2023\/07\/GFD-Logo-Square-RGB-400x400.png 400w, https:\/\/gfd.org\/wp-content\/uploads\/2023\/07\/GFD-Logo-Square-RGB-600x600.png 600w, https:\/\/gfd.org\/wp-content\/uploads\/2023\/07\/GFD-Logo-Square-RGB-800x799.png 800w, https:\/\/gfd.org\/wp-content\/uploads\/2023\/07\/GFD-Logo-Square-RGB-1200x1199.png 1200w\" sizes=\"(max-width: 768px) 100vw, 800px\" \/><\/span><\/div><div ><a class=\"fusion-button button-flat fusion-button-default-size button-default fusion-button-default button-3 fusion-button-default-span fusion-button-default-type\" style=\"--awb-margin-top:20px;--awb-margin-bottom:20px;--button-border-radius-top-left:0;--button-border-radius-top-right:0;--button-border-radius-bottom-right:0;--button-border-radius-bottom-left:0;\" target=\"_self\" href=\"https:\/\/gfd.org\/wp-content\/uploads\/2023\/08\/Primary-Mark-Web.zip\"><span class=\"fusion-button-text awb-button__text awb-button__text--default\">T\u00e9l\u00e9charger pour le Web<\/span><\/a><\/div><div ><a class=\"fusion-button button-flat fusion-button-default-size button-default fusion-button-default button-4 fusion-button-default-span fusion-button-default-type\" style=\"--button-border-radius-top-left:0;--button-border-radius-top-right:0;--button-border-radius-bottom-right:0;--button-border-radius-bottom-left:0;\" target=\"_self\" href=\"https:\/\/gfd.org\/wp-content\/uploads\/2023\/08\/Primary-Mark-Print.zip\"><span class=\"fusion-button-text awb-button__text awb-button__text--default\">T\u00e9l\u00e9charger pour imprimer<\/span><\/a><\/div><\/div><\/div><\/div><div class=\"fusion-separator fusion-full-width-sep\" style=\"align-self: center;margin-left: auto;margin-right: auto;width:100%;\"><div class=\"fusion-separator-border sep-single sep-dashed\" style=\"--awb-height:20px;--awb-amount:20px;border-color:var(--awb-color3);border-top-width:1px;\"><\/div><\/div><\/div><\/div><\/div><\/div>\n","protected":false},"excerpt":{"rendered":"","protected":false},"author":7,"featured_media":0,"parent":0,"menu_order":80,"comment_status":"closed","ping_status":"closed","template":"100-width.php","meta":{"_acf_changed":false,"footnotes":""},"class_list":["post-2102","page","type-page","status-publish","hentry"],"acf":[],"yoast_head":"<!-- This site is optimized with the Yoast SEO plugin v27.4 - https:\/\/yoast.com\/product\/yoast-seo-wordpress\/ -->\n<title>Guide des Normes Graphiques - GFD - (Guaranteed Funeral Deposits)<\/title>\n<meta name=\"description\" content=\"Details on how to use the GFD brand, colours, text and logos. Download our brand guidelines pdf and logos sized for web and print use.\" \/>\n<meta name=\"robots\" content=\"index, follow, max-snippet:-1, max-image-preview:large, max-video-preview:-1\" \/>\n<link rel=\"canonical\" href=\"https:\/\/gfd.org\/fr\/brand-guidelines\/\" \/>\n<meta property=\"og:locale\" content=\"fr_FR\" \/>\n<meta property=\"og:type\" content=\"article\" \/>\n<meta property=\"og:title\" content=\"GFD Member Services\" \/>\n<meta property=\"og:description\" content=\"Our goal is to help you grow your business and serve your community with a range of tools, coaching, training, and services.\" \/>\n<meta property=\"og:url\" content=\"https:\/\/gfd.org\/fr\/brand-guidelines\/\" \/>\n<meta property=\"og:site_name\" content=\"GFD - (Guaranteed Funeral Deposits)\" \/>\n<meta property=\"article:modified_time\" content=\"2023-09-11T17:36:30+00:00\" \/>\n<meta property=\"og:image\" content=\"https:\/\/gfd.org\/wp-content\/uploads\/2023\/05\/GFD-Header-image-Member.jpg\" \/>\n\t<meta property=\"og:image:width\" content=\"2000\" \/>\n\t<meta property=\"og:image:height\" content=\"361\" \/>\n\t<meta property=\"og:image:type\" content=\"image\/jpeg\" \/>\n<meta name=\"twitter:card\" content=\"summary_large_image\" \/>\n<meta name=\"twitter:title\" content=\"GFD Member Services\" \/>\n<meta name=\"twitter:description\" content=\"Our goal is to help you grow your business and serve your community with a range of tools, coaching, training, and services.\" \/>\n<meta name=\"twitter:image\" content=\"https:\/\/gfd.org\/wp-content\/uploads\/2023\/05\/GFD-Header-image-Member.jpg\" \/>\n<meta name=\"twitter:label1\" content=\"Dur\u00e9e de lecture estim\u00e9e\" \/>\n\t<meta name=\"twitter:data1\" content=\"5 minutes\" \/>\n<script type=\"application\/ld+json\" class=\"yoast-schema-graph\">{\"@context\":\"https:\\\/\\\/schema.org\",\"@graph\":[{\"@type\":\"WebPage\",\"@id\":\"https:\\\/\\\/gfd.org\\\/fr\\\/brand-guidelines\\\/\",\"url\":\"https:\\\/\\\/gfd.org\\\/fr\\\/brand-guidelines\\\/\",\"name\":\"Guide des Normes Graphiques - GFD - (Guaranteed Funeral Deposits)\",\"isPartOf\":{\"@id\":\"https:\\\/\\\/gfd.org\\\/fr\\\/#website\"},\"datePublished\":\"2023-07-24T19:03:43+00:00\",\"dateModified\":\"2023-09-11T17:36:30+00:00\",\"description\":\"Details on how to use the GFD brand, colours, text and logos. Download our brand guidelines pdf and logos sized for web and print use.\",\"breadcrumb\":{\"@id\":\"https:\\\/\\\/gfd.org\\\/fr\\\/brand-guidelines\\\/#breadcrumb\"},\"inLanguage\":\"fr-FR\",\"potentialAction\":[{\"@type\":\"ReadAction\",\"target\":[\"https:\\\/\\\/gfd.org\\\/fr\\\/brand-guidelines\\\/\"]}]},{\"@type\":\"BreadcrumbList\",\"@id\":\"https:\\\/\\\/gfd.org\\\/fr\\\/brand-guidelines\\\/#breadcrumb\",\"itemListElement\":[{\"@type\":\"ListItem\",\"position\":1,\"name\":\"Home\",\"item\":\"https:\\\/\\\/gfd.org\\\/fr\\\/\"},{\"@type\":\"ListItem\",\"position\":2,\"name\":\"Guide des Normes Graphiques\"}]},{\"@type\":\"WebSite\",\"@id\":\"https:\\\/\\\/gfd.org\\\/fr\\\/#website\",\"url\":\"https:\\\/\\\/gfd.org\\\/fr\\\/\",\"name\":\"GFD - (Guaranteed Funeral Deposits)\",\"description\":\"\",\"potentialAction\":[{\"@type\":\"SearchAction\",\"target\":{\"@type\":\"EntryPoint\",\"urlTemplate\":\"https:\\\/\\\/gfd.org\\\/fr\\\/?s={search_term_string}\"},\"query-input\":{\"@type\":\"PropertyValueSpecification\",\"valueRequired\":true,\"valueName\":\"search_term_string\"}}],\"inLanguage\":\"fr-FR\"}]}<\/script>\n<!-- \/ Yoast SEO plugin. -->","yoast_head_json":{"title":"Guide des Normes Graphiques - GFD - (Guaranteed Funeral Deposits)","description":"Details on how to use the GFD brand, colours, text and logos. Download our brand guidelines pdf and logos sized for web and print use.","robots":{"index":"index","follow":"follow","max-snippet":"max-snippet:-1","max-image-preview":"max-image-preview:large","max-video-preview":"max-video-preview:-1"},"canonical":"https:\/\/gfd.org\/fr\/brand-guidelines\/","og_locale":"fr_FR","og_type":"article","og_title":"GFD Member Services","og_description":"Our goal is to help you grow your business and serve your community with a range of tools, coaching, training, and services.","og_url":"https:\/\/gfd.org\/fr\/brand-guidelines\/","og_site_name":"GFD - (Guaranteed Funeral Deposits)","article_modified_time":"2023-09-11T17:36:30+00:00","og_image":[{"width":2000,"height":361,"url":"https:\/\/gfd.org\/wp-content\/uploads\/2023\/05\/GFD-Header-image-Member.jpg","type":"image\/jpeg"}],"twitter_card":"summary_large_image","twitter_title":"GFD Member Services","twitter_description":"Our goal is to help you grow your business and serve your community with a range of tools, coaching, training, and services.","twitter_image":"https:\/\/gfd.org\/wp-content\/uploads\/2023\/05\/GFD-Header-image-Member.jpg","twitter_misc":{"Dur\u00e9e de lecture estim\u00e9e":"5 minutes"},"schema":{"@context":"https:\/\/schema.org","@graph":[{"@type":"WebPage","@id":"https:\/\/gfd.org\/fr\/brand-guidelines\/","url":"https:\/\/gfd.org\/fr\/brand-guidelines\/","name":"Guide des Normes Graphiques - GFD - (Guaranteed Funeral Deposits)","isPartOf":{"@id":"https:\/\/gfd.org\/fr\/#website"},"datePublished":"2023-07-24T19:03:43+00:00","dateModified":"2023-09-11T17:36:30+00:00","description":"Details on how to use the GFD brand, colours, text and logos. Download our brand guidelines pdf and logos sized for web and print use.","breadcrumb":{"@id":"https:\/\/gfd.org\/fr\/brand-guidelines\/#breadcrumb"},"inLanguage":"fr-FR","potentialAction":[{"@type":"ReadAction","target":["https:\/\/gfd.org\/fr\/brand-guidelines\/"]}]},{"@type":"BreadcrumbList","@id":"https:\/\/gfd.org\/fr\/brand-guidelines\/#breadcrumb","itemListElement":[{"@type":"ListItem","position":1,"name":"Home","item":"https:\/\/gfd.org\/fr\/"},{"@type":"ListItem","position":2,"name":"Guide des Normes Graphiques"}]},{"@type":"WebSite","@id":"https:\/\/gfd.org\/fr\/#website","url":"https:\/\/gfd.org\/fr\/","name":"GFD - (Guaranteed Funeral Deposits)","description":"","potentialAction":[{"@type":"SearchAction","target":{"@type":"EntryPoint","urlTemplate":"https:\/\/gfd.org\/fr\/?s={search_term_string}"},"query-input":{"@type":"PropertyValueSpecification","valueRequired":true,"valueName":"search_term_string"}}],"inLanguage":"fr-FR"}]}},"_links":{"self":[{"href":"https:\/\/gfd.org\/fr\/wp-json\/wp\/v2\/pages\/2102","targetHints":{"allow":["GET"]}}],"collection":[{"href":"https:\/\/gfd.org\/fr\/wp-json\/wp\/v2\/pages"}],"about":[{"href":"https:\/\/gfd.org\/fr\/wp-json\/wp\/v2\/types\/page"}],"author":[{"embeddable":true,"href":"https:\/\/gfd.org\/fr\/wp-json\/wp\/v2\/users\/7"}],"replies":[{"embeddable":true,"href":"https:\/\/gfd.org\/fr\/wp-json\/wp\/v2\/comments?post=2102"}],"version-history":[{"count":0,"href":"https:\/\/gfd.org\/fr\/wp-json\/wp\/v2\/pages\/2102\/revisions"}],"wp:attachment":[{"href":"https:\/\/gfd.org\/fr\/wp-json\/wp\/v2\/media?parent=2102"}],"curies":[{"name":"wp","href":"https:\/\/api.w.org\/{rel}","templated":true}]}}